{"id":1658,"date":"2026-02-23T13:57:59","date_gmt":"2026-02-23T13:57:59","guid":{"rendered":"https:\/\/liderveiculos.com\/?page_id=1658"},"modified":"2026-02-23T14:06:35","modified_gmt":"2026-02-23T14:06:35","slug":"time-comercial","status":"publish","type":"page","link":"https:\/\/liderveiculos.com\/?page_id=1658","title":{"rendered":"Time comercial"},"content":{"rendered":"\t\t<div data-elementor-type=\"wp-page\" data-elementor-id=\"1658\" class=\"elementor elementor-1658\" data-elementor-post-type=\"page\">\n\t\t\t\t<div class=\"elementor-element elementor-element-a09a01e e-con-full e-flex e-con e-parent\" data-id=\"a09a01e\" data-element_type=\"container\" data-e-type=\"container\" data-settings=\"{&quot;background_background&quot;:&quot;classic&quot;}\">\n\t\t<div class=\"elementor-element elementor-element-207da2a e-con-full e-flex e-con e-child\" data-id=\"207da2a\" data-element_type=\"container\" data-e-type=\"container\">\n\t\t\t\t<div class=\"elementor-element elementor-element-b42cea9 elementor-widget elementor-widget-heading\" data-id=\"b42cea9\" data-element_type=\"widget\" data-e-type=\"widget\" data-widget_type=\"heading.default\">\n\t\t\t\t\t<h2 class=\"elementor-heading-title elementor-size-default\">Time comercial L\u00edder veiculos<\/h2>\t\t\t\t<\/div>\n\t\t\t\t<div class=\"elementor-element elementor-element-3a9a4dc elementor-widget-mobile__width-inherit elementor-widget elementor-widget-heading\" data-id=\"3a9a4dc\" data-element_type=\"widget\" data-e-type=\"widget\" data-widget_type=\"heading.default\">\n\t\t\t\t\t<h2 class=\"elementor-heading-title elementor-size-default\">Apreciamos seu interesse em nos procurar. Por favor, escolha uma das op\u00e7\u00f5es abaixo.<\/h2>\t\t\t\t<\/div>\n\t\t\t\t<\/div>\n\t\t<div class=\"elementor-element elementor-element-83b59ff e-con-full e-flex e-con e-child\" data-id=\"83b59ff\" data-element_type=\"container\" data-e-type=\"container\">\n\t\t\t\t<\/div>\n\t\t\t\t<\/div>\n\t\t<div class=\"elementor-element elementor-element-5abd9cd e-con-full e-flex e-con e-parent\" data-id=\"5abd9cd\" data-element_type=\"container\" data-e-type=\"container\" data-settings=\"{&quot;background_background&quot;:&quot;classic&quot;}\">\n\t\t<div class=\"elementor-element elementor-element-71f9c2b e-con-full e-flex e-con e-child\" data-id=\"71f9c2b\" data-element_type=\"container\" data-e-type=\"container\">\n\t\t\t\t<div class=\"elementor-element elementor-element-1c1251f elementor-widget-mobile__width-inherit elementor-widget elementor-widget-heading\" data-id=\"1c1251f\" data-element_type=\"widget\" data-e-type=\"widget\" data-widget_type=\"heading.default\">\n\t\t\t\t\t<h1 class=\"elementor-heading-title elementor-size-default\">Contato<\/h1>\t\t\t\t<\/div>\n\t\t\t\t<div class=\"elementor-element elementor-element-3283430 elementor-widget elementor-widget-heading\" data-id=\"3283430\" data-element_type=\"widget\" data-e-type=\"widget\" data-widget_type=\"heading.default\">\n\t\t\t\t\t<h1 class=\"elementor-heading-title elementor-size-default\">(98) 9 8823-7886<\/h1>\t\t\t\t<\/div>\n\t\t\t\t<div class=\"elementor-element elementor-element-e5e22f1 elementor-widget elementor-widget-heading\" data-id=\"e5e22f1\" data-element_type=\"widget\" data-e-type=\"widget\" data-widget_type=\"heading.default\">\n\t\t\t\t\t<h1 class=\"elementor-heading-title elementor-size-default\">(98) 9 98 8408-2929<\/h1>\t\t\t\t<\/div>\n\t\t\t\t<div class=\"elementor-element elementor-element-623e3fb elementor-widget elementor-widget-heading\" data-id=\"623e3fb\" data-element_type=\"widget\" data-e-type=\"widget\" data-widget_type=\"heading.default\">\n\t\t\t\t\t<h1 class=\"elementor-heading-title elementor-size-default\">(98) 9 8548-7992<\/h1>\t\t\t\t<\/div>\n\t\t\t\t<div class=\"elementor-element elementor-element-0ca3c67 elementor-widget elementor-widget-heading\" data-id=\"0ca3c67\" data-element_type=\"widget\" data-e-type=\"widget\" data-widget_type=\"heading.default\">\n\t\t\t\t\t<h1 class=\"elementor-heading-title elementor-size-default\">(98) 9 98 8529-3242<\/h1>\t\t\t\t<\/div>\n\t\t\t\t<\/div>\n\t\t<div class=\"elementor-element elementor-element-30a7580 e-con-full e-flex e-con e-child\" data-id=\"30a7580\" data-element_type=\"container\" data-e-type=\"container\">\n\t\t\t\t<\/div>\n\t\t\t\t<\/div>\n\t\t\t\t<\/div>\n\t\t","protected":false},"excerpt":{"rendered":"<p>Time comercial L\u00edder veiculos Apreciamos seu interesse em nos procurar. Por favor, escolha uma das op\u00e7\u00f5es abaixo. Contato (98) 9 8823-7886 (98) 9 98 8408-2929 (98) 9 8548-7992 (98) 9 98 8529-3242<\/p>\n","protected":false},"author":1,"featured_media":0,"parent":0,"menu_order":0,"comment_status":"closed","ping_status":"closed","template":"elementor_header_footer","meta":{"_joinchat":[],"footnotes":""},"class_list":["post-1658","page","type-page","status-publish","hentry"],"_links":{"self":[{"href":"https:\/\/liderveiculos.com\/index.php?rest_route=\/wp\/v2\/pages\/1658","targetHints":{"allow":["GET"]}}],"collection":[{"href":"https:\/\/liderveiculos.com\/index.php?rest_route=\/wp\/v2\/pages"}],"about":[{"href":"https:\/\/liderveiculos.com\/index.php?rest_route=\/wp\/v2\/types\/page"}],"author":[{"embeddable":true,"href":"https:\/\/liderveiculos.com\/index.php?rest_route=\/wp\/v2\/users\/1"}],"replies":[{"embeddable":true,"href":"https:\/\/liderveiculos.com\/index.php?rest_route=%2Fwp%2Fv2%2Fcomments&post=1658"}],"version-history":[{"count":4,"href":"https:\/\/liderveiculos.com\/index.php?rest_route=\/wp\/v2\/pages\/1658\/revisions"}],"predecessor-version":[{"id":1663,"href":"https:\/\/liderveiculos.com\/index.php?rest_route=\/wp\/v2\/pages\/1658\/revisions\/1663"}],"wp:attachment":[{"href":"https:\/\/liderveiculos.com\/index.php?rest_route=%2Fwp%2Fv2%2Fmedia&parent=1658"}],"curies":[{"name":"wp","href":"https:\/\/api.w.org\/{rel}","templated":true}]}}