{"id":1671,"date":"2026-02-23T14:37:21","date_gmt":"2026-02-23T14:37:21","guid":{"rendered":"https:\/\/liderveiculos.com\/?page_id=1671"},"modified":"2026-02-23T14:41:16","modified_gmt":"2026-02-23T14:41:16","slug":"politicas-lider-veiculos","status":"publish","type":"page","link":"https:\/\/liderveiculos.com\/?page_id=1671","title":{"rendered":"Pol\u00edticas L\u00edder veiculos"},"content":{"rendered":"\t\t<div data-elementor-type=\"wp-page\" data-elementor-id=\"1671\" class=\"elementor elementor-1671\" data-elementor-post-type=\"page\">\n\t\t\t\t<div class=\"elementor-element elementor-element-59b612b e-con-full e-flex e-con e-parent\" data-id=\"59b612b\" data-element_type=\"container\" data-e-type=\"container\" data-settings=\"{&quot;background_background&quot;:&quot;classic&quot;}\">\n\t\t<div class=\"elementor-element elementor-element-8f716ea e-con-full e-flex e-con e-child\" data-id=\"8f716ea\" data-element_type=\"container\" data-e-type=\"container\">\n\t\t\t\t<div class=\"elementor-element elementor-element-ea9b876 elementor-widget__width-inherit elementor-widget elementor-widget-heading\" data-id=\"ea9b876\" data-element_type=\"widget\" data-e-type=\"widget\" data-widget_type=\"heading.default\">\n\t\t\t\t\t<h1 class=\"elementor-heading-title elementor-size-default\"> Pol\u00edtica de Atendimento L\u00edder veiculos<\/h1>\t\t\t\t<\/div>\n\t\t\t\t<div class=\"elementor-element elementor-element-65fb141 elementor-widget-mobile__width-inherit elementor-widget elementor-widget-heading\" data-id=\"65fb141\" data-element_type=\"widget\" data-e-type=\"widget\" data-widget_type=\"heading.default\">\n\t\t\t\t\t<h2 class=\"elementor-heading-title elementor-size-default\">Apreciamos seu interesse em nos procurar. Por favor, escolha uma das op\u00e7\u00f5es abaixo.<\/h2>\t\t\t\t<\/div>\n\t\t\t\t<\/div>\n\t\t\t\t<\/div>\n\t\t<div class=\"elementor-element elementor-element-c52bbdd e-flex e-con-boxed e-con e-parent\" data-id=\"c52bbdd\" data-element_type=\"container\" data-e-type=\"container\" data-settings=\"{&quot;background_background&quot;:&quot;classic&quot;}\">\n\t\t\t\t\t<div class=\"e-con-inner\">\n\t\t\t\t<div class=\"elementor-element elementor-element-60b1d8d elementor-widget elementor-widget-text-editor\" data-id=\"60b1d8d\" data-element_type=\"widget\" data-e-type=\"widget\" data-widget_type=\"text-editor.default\">\n\t\t\t\t\t\t\t\t\t<p>A L\u00edder veiculos reafirma seu compromisso com a transpar\u00eancia, a \u00e9tica, a seguran\u00e7a e o respeito em todos os atendimentos realizados com seus clientes, usu\u00e1rios e parceiros.<br data-start=\"448\" data-end=\"451\" \/>Esta Pol\u00edtica de Atendimento estabelece diretrizes claras para garantir uma comunica\u00e7\u00e3o confi\u00e1vel, humanizada, refor\u00e7ando que cada intera\u00e7\u00e3o \u00e9 conduzida com seriedade e responsabilidade.<\/p>\t\t\t\t\t\t\t\t<\/div>\n\t\t\t\t\t<\/div>\n\t\t\t\t<\/div>\n\t\t<div class=\"elementor-element elementor-element-0242c16 e-flex e-con-boxed e-con e-parent\" data-id=\"0242c16\" data-element_type=\"container\" data-e-type=\"container\" data-settings=\"{&quot;background_background&quot;:&quot;classic&quot;}\">\n\t\t\t\t\t<div class=\"e-con-inner\">\n\t\t\t\t<div class=\"elementor-element elementor-element-77ebc95 elementor-widget elementor-widget-text-editor\" data-id=\"77ebc95\" data-element_type=\"widget\" data-e-type=\"widget\" data-widget_type=\"text-editor.default\">\n\t\t\t\t\t\t\t\t\t<h5 data-start=\"656\" data-end=\"706\"><strong data-start=\"659\" data-end=\"706\">1. Prop\u00f3sito da Pol\u00edtica de Atendimento L\u00edder veiculos<\/strong><\/h5><p data-start=\"708\" data-end=\"767\">A Pol\u00edtica de Atendimento da L\u00edder tem como finalidade:<\/p><ul data-start=\"769\" data-end=\"1136\"><li data-start=\"769\" data-end=\"849\"><p data-start=\"771\" data-end=\"849\">assegurar um relacionamento seguro, respeitoso e transparente com o cliente;<\/p><\/li><li data-start=\"850\" data-end=\"944\"><p data-start=\"852\" data-end=\"944\">proteger o usu\u00e1rio contra atendimentos falsos, contatos indevidos ou tentativas de fraude;<\/p><\/li><li data-start=\"945\" data-end=\"995\"><p data-start=\"947\" data-end=\"995\">estabelecer os canais oficiais de comunica\u00e7\u00e3o;<\/p><\/li><li data-start=\"996\" data-end=\"1136\"><p data-start=\"998\" data-end=\"1136\">garantir que todas as orienta\u00e7\u00f5es, d\u00favidas, solicita\u00e7\u00f5es e acompanhamentos sejam feitos de forma leg\u00edtima, segura.<\/p><\/li><\/ul>\t\t\t\t\t\t\t\t<\/div>\n\t\t\t\t\t<\/div>\n\t\t\t\t<\/div>\n\t\t<div class=\"elementor-element elementor-element-aeb7c9e e-flex e-con-boxed e-con e-parent\" data-id=\"aeb7c9e\" data-element_type=\"container\" data-e-type=\"container\" data-settings=\"{&quot;background_background&quot;:&quot;classic&quot;}\">\n\t\t\t\t\t<div class=\"e-con-inner\">\n\t\t\t\t<div class=\"elementor-element elementor-element-14a3260 elementor-widget elementor-widget-text-editor\" data-id=\"14a3260\" data-element_type=\"widget\" data-e-type=\"widget\" data-widget_type=\"text-editor.default\">\n\t\t\t\t\t\t\t\t\t<h5 data-start=\"1281\" data-end=\"1334\"><strong data-start=\"1284\" data-end=\"1334\">2. Canais Oficiais de Atendimento (Exclusivos)<\/strong><\/h5><p data-start=\"1336\" data-end=\"1457\"><strong>A L\u00edder veiculos<\/strong> informa de maneira expressa e oficial que <strong data-start=\"1390\" data-end=\"1401\">somente<\/strong> possui os seguintes canais de atendimento via WhatsApp:<\/p><p data-start=\"1459\" data-end=\"1506\"><strong data-start=\"1462\" data-end=\"1481\">(98) 9 <a href=\"https:\/\/www.google.com\/search?q=lider+veiculos+consorcio&amp;oq=li&amp;gs_lcrp=EgZjaHJvbWUqCAgAEEUYJxg7MggIABBFGCcYOzIOCAEQRRgnGDsYgAQYigUyDQgCEC4YgwEYsQMYgAQyBggDEEUYOTIGCAQQRRg7MgoIBRAAGLEDGIAEMhIIBhAuGEMYxwEY0QMYgAQYigUyCggHEAAYsQMYgAQyEAgIEAAYgwEYsQMYgAQYigUyDQgJEAAYgwEYsQMYgATSAQkxOTc0ajBqMTWoAgywAgHxBRngDizZcS-p&amp;sourceid=chrome&amp;ie=UTF-8#\" data-dtype=\"d3ph\" data-local-attribute=\"d3ph\" data-ved=\"2ahUKEwiv4MyH7O-SAxXuqZUCHUMbAowQkAgoAHoECEEQAw\"><span aria-label=\"Ligar para (98) 98823-7886\">(98) 98823-7886<\/span><\/a><\/strong><\/p><p data-start=\"1508\" data-end=\"1587\">Esses s\u00e3o <strong data-start=\"1518\" data-end=\"1573\">os \u00fanicos canais v\u00e1lidos, verificados e autorizados<\/strong> pela empresa.<\/p><p data-start=\"1832\" data-end=\"1953\">Qualquer contato que n\u00e3o parta dos n\u00fameros oficiais <strong data-start=\"1884\" data-end=\"1912\">n\u00e3o representa a empresa<\/strong> e deve ser desconsiderado imediatamente.<\/p>\t\t\t\t\t\t\t\t<\/div>\n\t\t\t\t\t<\/div>\n\t\t\t\t<\/div>\n\t\t\t\t<\/div>\n\t\t","protected":false},"excerpt":{"rendered":"<p>Pol\u00edtica de Atendimento L\u00edder veiculos Apreciamos seu interesse em nos procurar. Por favor, escolha uma das op\u00e7\u00f5es abaixo. A L\u00edder veiculos reafirma seu compromisso com a transpar\u00eancia, a \u00e9tica, a seguran\u00e7a e o respeito em todos os atendimentos realizados com seus clientes, usu\u00e1rios e parceiros.Esta Pol\u00edtica de Atendimento estabelece diretrizes claras para garantir uma comunica\u00e7\u00e3o [&hellip;]<\/p>\n","protected":false},"author":1,"featured_media":0,"parent":0,"menu_order":0,"comment_status":"closed","ping_status":"closed","template":"","meta":{"_joinchat":[],"footnotes":""},"class_list":["post-1671","page","type-page","status-publish","hentry"],"_links":{"self":[{"href":"https:\/\/liderveiculos.com\/index.php?rest_route=\/wp\/v2\/pages\/1671","targetHints":{"allow":["GET"]}}],"collection":[{"href":"https:\/\/liderveiculos.com\/index.php?rest_route=\/wp\/v2\/pages"}],"about":[{"href":"https:\/\/liderveiculos.com\/index.php?rest_route=\/wp\/v2\/types\/page"}],"author":[{"embeddable":true,"href":"https:\/\/liderveiculos.com\/index.php?rest_route=\/wp\/v2\/users\/1"}],"replies":[{"embeddable":true,"href":"https:\/\/liderveiculos.com\/index.php?rest_route=%2Fwp%2Fv2%2Fcomments&post=1671"}],"version-history":[{"count":4,"href":"https:\/\/liderveiculos.com\/index.php?rest_route=\/wp\/v2\/pages\/1671\/revisions"}],"predecessor-version":[{"id":1675,"href":"https:\/\/liderveiculos.com\/index.php?rest_route=\/wp\/v2\/pages\/1671\/revisions\/1675"}],"wp:attachment":[{"href":"https:\/\/liderveiculos.com\/index.php?rest_route=%2Fwp%2Fv2%2Fmedia&parent=1671"}],"curies":[{"name":"wp","href":"https:\/\/api.w.org\/{rel}","templated":true}]}}