{"id":533,"date":"2026-01-19T19:13:03","date_gmt":"2026-01-19T19:13:03","guid":{"rendered":"https:\/\/sienna-rat-258029.hostingersite.com\/?page_id=533"},"modified":"2026-02-23T13:52:42","modified_gmt":"2026-02-23T13:52:42","slug":"fale-conosco","status":"publish","type":"page","link":"https:\/\/liderveiculos.com\/?page_id=533","title":{"rendered":"Fale Conosco"},"content":{"rendered":"\t\t<div data-elementor-type=\"wp-page\" data-elementor-id=\"533\" class=\"elementor elementor-533\" data-elementor-post-type=\"page\">\n\t\t\t\t<div class=\"elementor-element elementor-element-f22a2d5 e-con-full e-flex e-con e-parent\" data-id=\"f22a2d5\" data-element_type=\"container\" data-e-type=\"container\" data-settings=\"{&quot;background_background&quot;:&quot;classic&quot;}\">\n\t\t<div class=\"elementor-element elementor-element-b8ed9db e-con-full e-flex e-con e-child\" data-id=\"b8ed9db\" data-element_type=\"container\" data-e-type=\"container\">\n\t\t\t\t<div class=\"elementor-element elementor-element-11fa4a9 elementor-widget elementor-widget-heading\" data-id=\"11fa4a9\" data-element_type=\"widget\" data-e-type=\"widget\" data-widget_type=\"heading.default\">\n\t\t\t\t\t<h2 class=\"elementor-heading-title elementor-size-default\">Contato com a L\u00edder veiculos<\/h2>\t\t\t\t<\/div>\n\t\t\t\t<div class=\"elementor-element elementor-element-c59608e elementor-widget-mobile__width-inherit elementor-widget elementor-widget-heading\" data-id=\"c59608e\" data-element_type=\"widget\" data-e-type=\"widget\" data-widget_type=\"heading.default\">\n\t\t\t\t\t<h2 class=\"elementor-heading-title elementor-size-default\">Apreciamos seu interesse em nos procurar. Por favor, escolha uma das op\u00e7\u00f5es abaixo.<\/h2>\t\t\t\t<\/div>\n\t\t\t\t<\/div>\n\t\t<div class=\"elementor-element elementor-element-92e57a3 e-con-full e-flex e-con e-child\" data-id=\"92e57a3\" data-element_type=\"container\" data-e-type=\"container\">\n\t\t\t\t<\/div>\n\t\t\t\t<\/div>\n\t\t<div class=\"elementor-element elementor-element-e0c0b0c e-con-full e-flex e-con e-parent\" data-id=\"e0c0b0c\" data-element_type=\"container\" data-e-type=\"container\" data-settings=\"{&quot;background_background&quot;:&quot;classic&quot;}\">\n\t\t<div class=\"elementor-element elementor-element-145a5ba e-con-full e-flex e-con e-child\" data-id=\"145a5ba\" data-element_type=\"container\" data-e-type=\"container\">\n\t\t\t\t<div class=\"elementor-element elementor-element-46299d3 elementor-widget-mobile__width-inherit elementor-widget elementor-widget-heading\" data-id=\"46299d3\" data-element_type=\"widget\" data-e-type=\"widget\" data-widget_type=\"heading.default\">\n\t\t\t\t\t<h1 class=\"elementor-heading-title elementor-size-default\">Contato<\/h1>\t\t\t\t<\/div>\n\t\t\t\t<div class=\"elementor-element elementor-element-a57ff4f elementor-widget elementor-widget-heading\" data-id=\"a57ff4f\" data-element_type=\"widget\" data-e-type=\"widget\" data-widget_type=\"heading.default\">\n\t\t\t\t\t<h1 class=\"elementor-heading-title elementor-size-default\">(98) 9 8823-7886<\/h1>\t\t\t\t<\/div>\n\t\t\t\t<div class=\"elementor-element elementor-element-3d8c4a4 elementor-widget elementor-widget-heading\" data-id=\"3d8c4a4\" data-element_type=\"widget\" data-e-type=\"widget\" data-widget_type=\"heading.default\">\n\t\t\t\t\t<h1 class=\"elementor-heading-title elementor-size-default\">(98) 9 8548-7992<\/h1>\t\t\t\t<\/div>\n\t\t\t\t<\/div>\n\t\t<div class=\"elementor-element elementor-element-507dafe e-con-full e-flex e-con e-child\" data-id=\"507dafe\" data-element_type=\"container\" data-e-type=\"container\">\n\t\t\t\t<\/div>\n\t\t\t\t<\/div>\n\t\t\t\t<\/div>\n\t\t","protected":false},"excerpt":{"rendered":"<p>Contato com a L\u00edder veiculos Apreciamos seu interesse em nos procurar. Por favor, escolha uma das op\u00e7\u00f5es abaixo. Contato (98) 9 8823-7886 (98) 9 8548-7992<\/p>\n","protected":false},"author":1,"featured_media":0,"parent":0,"menu_order":0,"comment_status":"closed","ping_status":"closed","template":"","meta":{"_joinchat":[],"footnotes":""},"class_list":["post-533","page","type-page","status-publish","hentry"],"_links":{"self":[{"href":"https:\/\/liderveiculos.com\/index.php?rest_route=\/wp\/v2\/pages\/533","targetHints":{"allow":["GET"]}}],"collection":[{"href":"https:\/\/liderveiculos.com\/index.php?rest_route=\/wp\/v2\/pages"}],"about":[{"href":"https:\/\/liderveiculos.com\/index.php?rest_route=\/wp\/v2\/types\/page"}],"author":[{"embeddable":true,"href":"https:\/\/liderveiculos.com\/index.php?rest_route=\/wp\/v2\/users\/1"}],"replies":[{"embeddable":true,"href":"https:\/\/liderveiculos.com\/index.php?rest_route=%2Fwp%2Fv2%2Fcomments&post=533"}],"version-history":[{"count":10,"href":"https:\/\/liderveiculos.com\/index.php?rest_route=\/wp\/v2\/pages\/533\/revisions"}],"predecessor-version":[{"id":1653,"href":"https:\/\/liderveiculos.com\/index.php?rest_route=\/wp\/v2\/pages\/533\/revisions\/1653"}],"wp:attachment":[{"href":"https:\/\/liderveiculos.com\/index.php?rest_route=%2Fwp%2Fv2%2Fmedia&parent=533"}],"curies":[{"name":"wp","href":"https:\/\/api.w.org\/{rel}","templated":true}]}}